{"id":6453,"date":"2023-03-14T00:59:50","date_gmt":"2023-03-14T03:59:50","guid":{"rendered":"http:\/\/marulauy.com\/zfc\/?page_id=6453"},"modified":"2023-04-14T00:35:14","modified_gmt":"2023-04-14T03:35:14","slug":"ley-no-15-921-redaccion-dada-por-ley-19-566","status":"publish","type":"page","link":"https:\/\/zonafrancacolonia.com\/portugues\/ley-no-15-921-redaccion-dada-por-ley-19-566\/","title":{"rendered":"Ley N\u00ba 15.921 (redacci\u00f3n dada por Ley 19.566)"},"content":{"rendered":"<p>[vc_row][vc_column][g5plus_space desktop=&#8221;90&#8243; tablet=&#8221;70&#8243; tablet_portrait=&#8221;60&#8243; mobile_landscape=&#8221;50&#8243; mobile=&#8221;40&#8243;][g5plus_heading title_size=&#8221;38&#8243; check_sub_title=&#8221;&#8221; underline=&#8221;true&#8221; align=&#8221;text-center&#8221; title=&#8221;O regime geral de zonas francas \u00e9 regido pela Lei n\u00b0. 15.921 com altera\u00e7\u00f5es recentes da lei n\u00b0. 19.566. &#8220;][g5plus_space desktop=&#8221;90&#8243; tablet=&#8221;70&#8243; tablet_portrait=&#8221;60&#8243; mobile_landscape=&#8221;50&#8243; mobile=&#8221;40&#8221;][\/vc_column][\/vc_row][vc_row][vc_column][vc_column_text]O regime geral de zonas francas \u00e9 regido pela Lei n\u00b0. 15.921 com altera\u00e7\u00f5es recentes da lei n\u00b0. 19.566.<\/p>\n<p>Caracter\u00edsticas principais da referida lei:<\/p>\n<p>Declara de interesse nacional a promo\u00e7\u00e3o e desenvolvimento de zonas francas com o objetivo de gerar empregos, promover investimentos, diversificar a matriz produtiva, aumentar as exporta\u00e7\u00f5es e favorecer a inser\u00e7\u00e3o do Uruguai no com\u00e9rcio internacional.<\/p>\n<p>O objetivo das zonas francas \u00e9 realizar as seguintes atividades:<\/p>\n<ol>\n<li>Comercializa\u00e7\u00e3o de mercadorias.<\/li>\n<li>Instala\u00e7\u00e3o e funcionamento de estabelecimentos fabris.<\/li>\n<li>Presta\u00e7\u00e3o de todo tipo de servi\u00e7os, tanto dentro da zona franca como desde ela para pa\u00edses terceiros, bem como para usu\u00e1rios de outras zonas francas.<\/li>\n<\/ol>\n<p>Os servi\u00e7os prestados a pa\u00edses terceiros poder\u00e3o ser fornecidos desde zona franca at\u00e9 territ\u00f3rio nacional n\u00e3o franco, a empresas contribuintes gravados pelo Imposto de Renda das Atividades Econ\u00f4micas (IRAE).<\/p>\n<p>Podem ser usu\u00e1rios de zonas francas todas as pessoas naturais ou jur\u00eddicas que adquiram o direito de exercer qualquer uma das atividades acima mencionadas.<\/p>\n<p>Um usu\u00e1rio direto \u00e9 aquele que adquire o direito de operar em zona franca por meio de um contrato celebrado com quem tem a administra\u00e7\u00e3o da zona franca.<\/p>\n<p>Um usu\u00e1rio indireto \u00e9 aquele que adquire o direito de operar em zona franca por meio de um contrato celebrado com o usu\u00e1rio direto usando ou aproveitando suas instala\u00e7\u00f5es.<\/p>\n<p>Todos os contratos devem ser previamente autorizados pela Dire\u00e7\u00e3o Nacional de Zonas Francas.<\/p>\n<p>Os usu\u00e1rios da zona franca ir\u00e3o empregar nas atividades que nela realizem, um m\u00ednimo de 75% (setenta e cinco por cento) de pessoal composto por cidad\u00e3os uruguaios.<\/p>\n<p>O pessoal estrangeiro que trabalhe na zona franca poder\u00e1 manifestar por escrito a sua vontade de n\u00e3o se beneficiar do sistema de previd\u00eancia social vigente na Rep\u00fablica, n\u00e3o haver\u00e1 obriga\u00e7\u00e3o de fazer as contribui\u00e7\u00f5es correspondentes.<\/p>\n<p>Os usu\u00e1rios est\u00e3o isentos de todos os impostos nacionais, criados ou a serem criados, mesmo aqueles em que a lei exija exonera\u00e7\u00e3o espec\u00edfica, em rela\u00e7\u00e3o \u00e0s atividades a\u00ed desenvolvidas, sempre que estas sejam feitas no \u00e2mbito da lei.<\/p>\n<p>Os bens, servi\u00e7os, mercadorias e mat\u00e9rias-primas, qualquer que seja sua origem, introduzidos em zonas francas estar\u00e3o isentos de todos os impostos.<\/p>\n<p>O Estado, sob responsabilidade por danos e preju\u00edzos, garante ao usu\u00e1rio, durante a vig\u00eancia do seu contrato, as isen\u00e7\u00f5es fiscais, benef\u00edcios e direitos previstos na lei.<\/p>\n<p>A entrada e sa\u00edda das zonas francas de valores mobili\u00e1rios, divisas nacionais e estrangeiras, metais preciosos por qualquer conceito, a sua posse, comercializa\u00e7\u00e3o, circula\u00e7\u00e3o e convers\u00e3o ou transfer\u00eancia s\u00e3o inteiramente livres.<\/p>\n<p>[\/vc_column_text][\/vc_column][\/vc_row]<\/p>\n","protected":false},"excerpt":{"rendered":"<p>[vc_row][vc_column][g5plus_space desktop=&#8221;90&#8243; tablet=&#8221;70&#8243; tablet_portrait=&#8221;60&#8243; mobile_landscape=&#8221;50&#8243; mobile=&#8221;40&#8243;][g5plus_heading title_size=&#8221;38&#8243; check_sub_title=&#8221;&#8221; underline=&#8221;true&#8221; align=&#8221;text-center&#8221; title=&#8221;O regime geral de zonas francas \u00e9 regido pela Lei n\u00b0. 15.921 com altera\u00e7\u00f5es recentes da lei n\u00b0. 19.566. &#8220;][g5plus_space desktop=&#8221;90&#8243; tablet=&#8221;70&#8243; tablet_portrait=&#8221;60&#8243; mobile_landscape=&#8221;50&#8243; mobile=&#8221;40&#8221;][\/vc_column][\/vc_row][vc_row][vc_column][vc_column_text]O regime geral de zonas francas \u00e9 regido pela Lei n\u00b0. 15.921 com altera\u00e7\u00f5es recentes da lei n\u00b0. 19.566. Caracter\u00edsticas principais [&hellip;]<\/p>\n","protected":false},"author":1,"featured_media":0,"parent":0,"menu_order":0,"comment_status":"closed","ping_status":"closed","template":"","meta":{"footnotes":""},"class_list":["post-6453","page","type-page","status-publish","hentry"],"_links":{"self":[{"href":"https:\/\/zonafrancacolonia.com\/portugues\/wp-json\/wp\/v2\/pages\/6453","targetHints":{"allow":["GET"]}}],"collection":[{"href":"https:\/\/zonafrancacolonia.com\/portugues\/wp-json\/wp\/v2\/pages"}],"about":[{"href":"https:\/\/zonafrancacolonia.com\/portugues\/wp-json\/wp\/v2\/types\/page"}],"author":[{"embeddable":true,"href":"https:\/\/zonafrancacolonia.com\/portugues\/wp-json\/wp\/v2\/users\/1"}],"replies":[{"embeddable":true,"href":"https:\/\/zonafrancacolonia.com\/portugues\/wp-json\/wp\/v2\/comments?post=6453"}],"version-history":[{"count":4,"href":"https:\/\/zonafrancacolonia.com\/portugues\/wp-json\/wp\/v2\/pages\/6453\/revisions"}],"predecessor-version":[{"id":6644,"href":"https:\/\/zonafrancacolonia.com\/portugues\/wp-json\/wp\/v2\/pages\/6453\/revisions\/6644"}],"wp:attachment":[{"href":"https:\/\/zonafrancacolonia.com\/portugues\/wp-json\/wp\/v2\/media?parent=6453"}],"curies":[{"name":"wp","href":"https:\/\/api.w.org\/{rel}","templated":true}]}}