{"id":6352,"date":"2023-03-08T17:04:36","date_gmt":"2023-03-08T20:04:36","guid":{"rendered":"http:\/\/marulauy.com\/zfc\/?page_id=6352"},"modified":"2023-04-14T02:29:22","modified_gmt":"2023-04-14T05:29:22","slug":"por-que-se-estabelecer-em-uma-zona-franca-no-uruguai","status":"publish","type":"page","link":"https:\/\/zonafrancacolonia.com\/portugues\/por-que-se-estabelecer-em-uma-zona-franca-no-uruguai\/","title":{"rendered":"Por que se estabelecer em uma zona franca no Uruguai?"},"content":{"rendered":"<p>[vc_row full_width=&#8221;stretch_row&#8221; overlay_mode=&#8221;color&#8221; overlay_color=&#8221;rgba(0,108,181,0.81)&#8221; css=&#8221;.vc_custom_1681450321564{padding-top: 120px !important;padding-bottom: 96px !important;background-image: url(https:\/\/zonafrancacolonia.com\/portugues\/wp-content\/uploads\/2023\/03\/G04_900x600.jpg?id=6568) !important;background-position: center !important;background-repeat: no-repeat !important;background-size: cover !important;}&#8221;][vc_column][vc_column_text css=&#8221;.vc_custom_1681443924328{margin-top: 10px !important;}&#8221;]<\/p>\n<h2 style=\"color: #ffffff; text-align: center; font-size: 60px;\">Por que se estabelecer em uma zona franca no Uruguai?<\/h2>\n<p>[\/vc_column_text][\/vc_column][vc_column][vc_row_inner][vc_column_inner el_class=&#8221;xs-text-center sm-text-right&#8221; width=&#8221;1\/4&#8243; offset=&#8221;vc_col-lg-3 vc_col-md-3 vc_col-sm-offset-3&#8243;][g5plus_space desktop=&#8221;35&#8243; tablet=&#8221;35&#8243; tablet_portrait=&#8221;35&#8243; mobile_landscape=&#8221;35&#8243; mobile=&#8221;35&#8243;][\/vc_column_inner][vc_column_inner el_class=&#8221;xs-text-center sm-text-left&#8221; width=&#8221;1\/4&#8243; offset=&#8221;vc_col-lg-offset-0 vc_col-md-offset-0 vc_col-sm-offset-0&#8243;][g5plus_space desktop=&#8221;35&#8243; tablet=&#8221;35&#8243; tablet_portrait=&#8221;35&#8243; mobile_landscape=&#8221;15&#8243; mobile=&#8221;15&#8243;][\/vc_column_inner][\/vc_row_inner][\/vc_column][\/vc_row][vc_row full_width=&#8221;stretch_row&#8221; css=&#8221;.vc_custom_1678316971070{background-color: rgba(30,115,190,0.08) !important;*background-color: rgb(30,115,190) !important;}&#8221;][vc_column][g5plus_space desktop=&#8221;90&#8243; tablet=&#8221;70&#8243; tablet_portrait=&#8221;60&#8243; mobile_landscape=&#8221;50&#8243; mobile=&#8221;40&#8243;][\/vc_column][\/vc_row][vc_row full_width=&#8221;stretch_row&#8221; css=&#8221;.vc_custom_1678316981484{background-color: rgba(30,115,190,0.08) !important;*background-color: rgb(30,115,190) !important;}&#8221;][vc_column width=&#8221;1\/2&#8243; el_id=&#8221;items&#8221; css=&#8221;.vc_custom_1678317101967{padding-right: 30px !important;padding-left: 30px !important;}&#8221;][vc_column_text]<img loading=\"lazy\" decoding=\"async\" class=\"wp-image-6371 alignleft\" src=\"https:\/\/zonafrancacolonia.com\/portugues\/wp-content\/uploads\/2023\/03\/icono_tick_.png\" alt=\"\" width=\"35\" height=\"58\" \/><\/p>\n<ul>\n<li>S\u00e3o \u00e1reas geogr\u00e1ficas espec\u00edficas dentro do Uruguai que operam sob uma <span style=\"color: #006cb5;\"><strong>regulamenta\u00e7\u00e3o especial.<\/strong><\/span><\/li>\n<\/ul>\n<p>[\/vc_column_text][vc_column_text]<img loading=\"lazy\" decoding=\"async\" class=\"wp-image-6371 alignleft\" src=\"https:\/\/zonafrancacolonia.com\/portugues\/wp-content\/uploads\/2023\/03\/icono_tick_.png\" alt=\"\" width=\"35\" height=\"58\" \/><\/p>\n<ul>\n<li><span style=\"color: #006cb5;\"><strong>Expans\u00f5es alfandeg\u00e1rias.<\/strong><\/span><\/li>\n<\/ul>\n<p>[\/vc_column_text][vc_column_text]<img loading=\"lazy\" decoding=\"async\" class=\"wp-image-6371 alignleft\" src=\"https:\/\/zonafrancacolonia.com\/portugues\/wp-content\/uploads\/2023\/03\/icono_tick_.png\" alt=\"\" width=\"35\" height=\"58\" \/><\/p>\n<ul>\n<li class=\"texto-justificado\"><span style=\"color: #006cb5;\"><strong>Isen\u00e7\u00e3o do Imposto<\/strong><\/span> de Renda (25%), Imposto sobre o Patrim\u00f4nio (1,5%), IVA (22%) e Imposto sobre a Distribui\u00e7\u00e3o de Lucros (7%).<\/li>\n<\/ul>\n<p>[\/vc_column_text][vc_column_text]<img loading=\"lazy\" decoding=\"async\" class=\"wp-image-6371 alignleft\" src=\"https:\/\/zonafrancacolonia.com\/portugues\/wp-content\/uploads\/2023\/03\/icono_tick_.png\" alt=\"\" width=\"35\" height=\"58\" \/><\/p>\n<ul>\n<li class=\"texto-justificado\">A possibilidade de <span style=\"color: #006cb5;\"><strong>adquirir insumos e equipamento<\/strong><\/span> (novo e usado)<strong><span style=\"color: #006cb5;\"> sem taxas ou impostos alfandeg\u00e1rios.<\/span><\/strong><\/li>\n<\/ul>\n<p>[\/vc_column_text][vc_column_text]<img loading=\"lazy\" decoding=\"async\" class=\"wp-image-6371 alignleft\" src=\"https:\/\/zonafrancacolonia.com\/portugues\/wp-content\/uploads\/2023\/03\/icono_tick_.png\" alt=\"\" width=\"35\" height=\"58\" \/><\/p>\n<ul>\n<li><strong><span style=\"color: #006cb5;\">Livre circula\u00e7\u00e3o de capitais e livre repatria\u00e7\u00e3o de lucros.<\/span><\/strong><\/li>\n<\/ul>\n<p>[\/vc_column_text][vc_column_text]<img loading=\"lazy\" decoding=\"async\" class=\"wp-image-6371 alignleft\" src=\"https:\/\/zonafrancacolonia.com\/portugues\/wp-content\/uploads\/2023\/03\/icono_tick_.png\" alt=\"\" width=\"35\" height=\"58\" \/><\/p>\n<ul>\n<li class=\"texto-justificado\">Uma vez instalado em uma zona franca voc\u00ea poder\u00e1 <span style=\"color: #006cb5;\"><strong>prestar todo tipo de servi\u00e7os para o exterior,<\/strong><\/span> outras empresas instaladas na ZFC e usu\u00e1rios e desenvolvedores de outras zonas francas do Uruguai.<\/li>\n<\/ul>\n<p>[\/vc_column_text][\/vc_column][vc_column width=&#8221;1\/2&#8243; el_id=&#8221;items2&#8243; css=&#8221;.vc_custom_1678317113095{padding-right: 30px !important;padding-left: 30px !important;}&#8221;][vc_column_text]<img loading=\"lazy\" decoding=\"async\" class=\"wp-image-6371 alignleft\" src=\"https:\/\/zonafrancacolonia.com\/portugues\/wp-content\/uploads\/2023\/03\/icono_tick_.png\" alt=\"\" width=\"35\" height=\"58\" \/><\/p>\n<ul>\n<li class=\"texto-justificado\">Todos os servi\u00e7os prestados no exterior tamb\u00e9m poder\u00e3o ser apresentados desde a zona franca para empresas localizadas em territ\u00f3rio nacional n\u00e3o livre que sejam contribuintes tributados pelo Imposto de Renda das Atividades Econ\u00f4micas.<\/li>\n<\/ul>\n<p>[\/vc_column_text][vc_column_text]<img loading=\"lazy\" decoding=\"async\" class=\"wp-image-6371 alignleft\" src=\"https:\/\/zonafrancacolonia.com\/portugues\/wp-content\/uploads\/2023\/03\/icono_tick_.png\" alt=\"\" width=\"35\" height=\"58\" \/><\/p>\n<ul>\n<li class=\"texto-justificado\">A possibilidade de contrata\u00e7\u00e3o de at\u00e9 <span style=\"color: #006cb5;\"><strong>25% de pessoal estrangeiro <\/strong><\/span> que poder\u00e1 optar por renunciar ao sistema previdenci\u00e1rio uruguaio.<\/li>\n<\/ul>\n<p>[\/vc_column_text][vc_column_text]<img loading=\"lazy\" decoding=\"async\" class=\"wp-image-6371 alignleft\" src=\"https:\/\/zonafrancacolonia.com\/portugues\/wp-content\/uploads\/2023\/03\/icono_tick_.png\" alt=\"\" width=\"35\" height=\"58\" \/><\/p>\n<ul>\n<li class=\"texto-justificado\">A Lei 19.566 (conhecida como Lei das Zonas Francas) prev\u00ea que, se os benef\u00edcios tribut\u00e1rios forem modificados, o <span style=\"color: #006cb5;\"><strong>Estado ser\u00e1 respons\u00e1vel por indenizar os danos e preju\u00edzos<\/strong><\/span> gerados \u00e0s empresas com contrato de usu\u00e1rio.<\/li>\n<\/ul>\n<p>[\/vc_column_text][vc_column_text]<img loading=\"lazy\" decoding=\"async\" class=\"wp-image-6371 alignleft\" src=\"https:\/\/zonafrancacolonia.com\/portugues\/wp-content\/uploads\/2023\/03\/icono_tick_.png\" alt=\"\" width=\"35\" height=\"58\" \/><\/p>\n<ul>\n<li>Caso o usu\u00e1rio da Zona Franca perca a sua qualidade como tal, <span style=\"color: #006cb5;\"><strong>o Estado deve garantir<\/strong><\/span> \u00e0s empresas instaladas o fornecimento da infraestrutura e demais <strong><span style=\"color: #006cb5;\">servi\u00e7os necess\u00e1rios ao seu funcionamento,<\/span><\/strong>durante toda a vig\u00eancia do contrato de usu\u00e1rio.<\/li>\n<\/ul>\n<p>[\/vc_column_text][\/vc_column][vc_column][g5plus_space desktop=&#8221;70&#8243; tablet=&#8221;60&#8243; tablet_portrait=&#8221;60&#8243; mobile_landscape=&#8221;50&#8243; mobile=&#8221;40&#8243;][\/vc_column][\/vc_row]<\/p>\n","protected":false},"excerpt":{"rendered":"<p>[vc_row full_width=&#8221;stretch_row&#8221; overlay_mode=&#8221;color&#8221; overlay_color=&#8221;rgba(0,108,181,0.81)&#8221; css=&#8221;.vc_custom_1681450321564{padding-top: 120px !important;padding-bottom: 96px !important;background-image: url(https:\/\/zonafrancacolonia.com\/portugues\/wp-content\/uploads\/2023\/03\/G04_900x600.jpg?id=6568) !important;background-position: center !important;background-repeat: no-repeat !important;background-size: cover !important;}&#8221;][vc_column][vc_column_text css=&#8221;.vc_custom_1681443924328{margin-top: 10px !important;}&#8221;] Por que se estabelecer em uma zona franca no Uruguai? [\/vc_column_text][\/vc_column][vc_column][vc_row_inner][vc_column_inner el_class=&#8221;xs-text-center sm-text-right&#8221; width=&#8221;1\/4&#8243; offset=&#8221;vc_col-lg-3 vc_col-md-3 vc_col-sm-offset-3&#8243;][g5plus_space desktop=&#8221;35&#8243; tablet=&#8221;35&#8243; tablet_portrait=&#8221;35&#8243; mobile_landscape=&#8221;35&#8243; mobile=&#8221;35&#8243;][\/vc_column_inner][vc_column_inner el_class=&#8221;xs-text-center sm-text-left&#8221; width=&#8221;1\/4&#8243; offset=&#8221;vc_col-lg-offset-0 vc_col-md-offset-0 vc_col-sm-offset-0&#8243;][g5plus_space desktop=&#8221;35&#8243; tablet=&#8221;35&#8243; tablet_portrait=&#8221;35&#8243; mobile_landscape=&#8221;15&#8243; mobile=&#8221;15&#8243;][\/vc_column_inner][\/vc_row_inner][\/vc_column][\/vc_row][vc_row full_width=&#8221;stretch_row&#8221; css=&#8221;.vc_custom_1678316971070{background-color: [&hellip;]<\/p>\n","protected":false},"author":1,"featured_media":0,"parent":0,"menu_order":0,"comment_status":"closed","ping_status":"closed","template":"","meta":{"footnotes":""},"class_list":["post-6352","page","type-page","status-publish","hentry"],"_links":{"self":[{"href":"https:\/\/zonafrancacolonia.com\/portugues\/wp-json\/wp\/v2\/pages\/6352","targetHints":{"allow":["GET"]}}],"collection":[{"href":"https:\/\/zonafrancacolonia.com\/portugues\/wp-json\/wp\/v2\/pages"}],"about":[{"href":"https:\/\/zonafrancacolonia.com\/portugues\/wp-json\/wp\/v2\/types\/page"}],"author":[{"embeddable":true,"href":"https:\/\/zonafrancacolonia.com\/portugues\/wp-json\/wp\/v2\/users\/1"}],"replies":[{"embeddable":true,"href":"https:\/\/zonafrancacolonia.com\/portugues\/wp-json\/wp\/v2\/comments?post=6352"}],"version-history":[{"count":27,"href":"https:\/\/zonafrancacolonia.com\/portugues\/wp-json\/wp\/v2\/pages\/6352\/revisions"}],"predecessor-version":[{"id":6677,"href":"https:\/\/zonafrancacolonia.com\/portugues\/wp-json\/wp\/v2\/pages\/6352\/revisions\/6677"}],"wp:attachment":[{"href":"https:\/\/zonafrancacolonia.com\/portugues\/wp-json\/wp\/v2\/media?parent=6352"}],"curies":[{"name":"wp","href":"https:\/\/api.w.org\/{rel}","templated":true}]}}