{"id":6328,"date":"2023-03-08T02:23:26","date_gmt":"2023-03-08T05:23:26","guid":{"rendered":"http:\/\/marulauy.com\/zfc\/?page_id=6328"},"modified":"2023-04-17T20:39:17","modified_gmt":"2023-04-17T23:39:17","slug":"como-posso-operar-na-zona-franca-de-colonia","status":"publish","type":"page","link":"https:\/\/zonafrancacolonia.com\/portugues\/como-posso-operar-na-zona-franca-de-colonia\/","title":{"rendered":"Como posso operar na Zona Franca de Colonia?"},"content":{"rendered":"<p>[vc_row full_width=&#8221;stretch_row&#8221; overlay_mode=&#8221;color&#8221; overlay_color=&#8221;rgba(0,108,181,0.81)&#8221; css=&#8221;.vc_custom_1681450373493{padding-top: 120px !important;padding-bottom: 96px !important;background-image: url(https:\/\/zonafrancacolonia.com\/portugues\/wp-content\/uploads\/2023\/03\/Su-Empresa-puede-estar-aqui-1-scaled.jpg?id=6590) !important;background-position: center !important;background-repeat: no-repeat !important;background-size: cover !important;}&#8221;][vc_column][vc_column_text css=&#8221;.vc_custom_1681441037329{margin-top: 10px !important;}&#8221;]<\/p>\n<h2 style=\"color: #ffffff; text-align: center; font-size: 60px;\">Como posso operar na Zona Franca de Colonia?<\/h2>\n<p>[\/vc_column_text][\/vc_column][vc_column][vc_row_inner][vc_column_inner el_class=&#8221;xs-text-center sm-text-right&#8221; width=&#8221;1\/4&#8243; offset=&#8221;vc_col-lg-3 vc_col-md-3 vc_col-sm-offset-3&#8243;][g5plus_space desktop=&#8221;35&#8243; tablet=&#8221;35&#8243; tablet_portrait=&#8221;35&#8243; mobile_landscape=&#8221;35&#8243; mobile=&#8221;35&#8243;][g5plus_button title=&#8221;Servi\u00e7os&#8221; style=&#8221;outline&#8221; color=&#8221;white&#8221; link=&#8221;url:https%3A%2F%2Fzonafrancacolonia.com%2Fportugues%2Fservicios%2F|title:%C2%BFPor%20qu%C3%A9%20instalarse%20en%20una%20zona%20franca%3F|rel:nofollow&#8221;][\/vc_column_inner][vc_column_inner el_class=&#8221;xs-text-center sm-text-left&#8221; width=&#8221;1\/4&#8243; offset=&#8221;vc_col-lg-offset-0 vc_col-md-offset-0 vc_col-sm-offset-0&#8243;][g5plus_space desktop=&#8221;35&#8243; tablet=&#8221;35&#8243; tablet_portrait=&#8221;35&#8243; mobile_landscape=&#8221;15&#8243; mobile=&#8221;15&#8243;][g5plus_button title=&#8221;CONTACTO&#8221; style=&#8221;outline&#8221; color=&#8221;white&#8221; link=&#8221;url:https%3A%2F%2Fzonafrancacolonia.com%2Fportugues%2Fcontacto%2F|title:CONTACTO|rel:nofollow&#8221;][\/vc_column_inner][\/vc_row_inner][\/vc_column][\/vc_row][vc_row full_width=&#8221;stretch_row&#8221; css=&#8221;.vc_custom_1678253115854{background-color: rgba(30,115,190,0.08) !important;*background-color: rgb(30,115,190) !important;}&#8221;][vc_column][g5plus_space desktop=&#8221;90&#8243; tablet=&#8221;70&#8243; tablet_portrait=&#8221;60&#8243; mobile_landscape=&#8221;50&#8243; mobile=&#8221;40&#8243;][g5plus_heading title_size=&#8221;38&#8243; theme_fonts=&#8221;&#8221; google_fonts=&#8221;font_family:Montserrat%3Aregular%2C700|font_style:700%20bold%20regular%3A700%3Anormal&#8221; sub_color=&#8221;accent-color&#8221; underline=&#8221;true&#8221; align=&#8221;text-center&#8221; title=&#8221;Nossa hist\u00f3ria&#8221;][g5plus_space desktop=&#8221;90&#8243; tablet=&#8221;70&#8243; tablet_portrait=&#8221;60&#8243; mobile_landscape=&#8221;50&#8243; mobile=&#8221;40&#8243;][\/vc_column][vc_column width=&#8221;1\/2&#8243;][vc_column_text]<\/p>\n<p class=\"texto-justificado\">A ZONA FRANCA COLONIA foi criada por lei em 20 de junho de 1923.<\/p>\n<p class=\"texto-justificado\">Hoje \u00e9 administrada pela empresa privada GRUPO CONTINENTAL ZONA FRANCA S.A, que por licita\u00e7\u00e3o p\u00fablica Nacional e Internacional assumiu a concess\u00e3o da ZONA FRANCA COLONIA em 24 de mar\u00e7o de 1994.<\/p>\n<p class=\"texto-justificado\">.<\/p>\n<p>[\/vc_column_text][\/vc_column][vc_column width=&#8221;1\/2&#8243;][vc_column_text]Desde essa data, foram feitos investimentos significativos para transformar a ZONA FRANCA COLONIA em um parque de neg\u00f3cios que atende os altos padr\u00f5es de qualidade avalizados pela norma internacional ISO 9001 e ISO 50.001.[\/vc_column_text][\/vc_column][vc_column][g5plus_space desktop=&#8221;90&#8243; tablet=&#8221;70&#8243; tablet_portrait=&#8221;60&#8243; mobile_landscape=&#8221;50&#8243; mobile=&#8221;40&#8243;][\/vc_column][\/vc_row][vc_row][vc_column][g5plus_space desktop=&#8221;90&#8243; tablet=&#8221;70&#8243; tablet_portrait=&#8221;60&#8243; mobile_landscape=&#8221;50&#8243; mobile=&#8221;40&#8243;][g5plus_heading title_size=&#8221;38&#8243; theme_fonts=&#8221;&#8221; google_fonts=&#8221;font_family:Montserrat%3Aregular%2C700|font_style:700%20bold%20regular%3A700%3Anormal&#8221; sub_color=&#8221;accent-color&#8221; underline=&#8221;true&#8221; align=&#8221;text-center&#8221; title=&#8221;A ZFC abre a suas portas&#8221;][g5plus_space desktop=&#8221;90&#8243; tablet=&#8221;70&#8243; tablet_portrait=&#8221;60&#8243; mobile_landscape=&#8221;50&#8243; mobile=&#8221;40&#8243;][\/vc_column][vc_column width=&#8221;1\/2&#8243;][vc_column_text]<\/p>\n<p class=\"texto-justificado\">ZA ZONA FRANCA COLONIA abre a suas portas para mais de 300 milh\u00f5es de consumidores. Pela sua localiza\u00e7\u00e3o geogr\u00e1fica e facilidades terrestres, a\u00e9reas e mar\u00edtimas, \u00e9 um ponto de refer\u00eancia para o acesso aos mercados regionais e internacionais.<\/p>\n<p class=\"texto-justificado\">Mais de 130.000 m\u00b2 de armaz\u00e9ns, espa\u00e7os fabris e escrit\u00f3rios s\u00e3o constru\u00eddos em uma propriedade de 22 hectares, onde voc\u00ea poder\u00e1 operar e estabelecer sinergias com outros usu\u00e1rios de zona franca.<br \/>\n.<\/p>\n<p>[\/vc_column_text][\/vc_column][vc_column width=&#8221;1\/2&#8243;][vc_column_text]<\/p>\n<p class=\"texto-justificado\">Cumprimos com os requisitos internacionais mais importantes para lhe garantir efici\u00eancia e seguran\u00e7a em suas transa\u00e7\u00f5es, uma vez que estamos conectados on-line com o sistema da Dire\u00e7\u00e3o Nacional de Alf\u00e2ndegas.<\/p>\n<p class=\"texto-justificado\">Dispomos de infraestrutura que permite a instala\u00e7\u00e3o de qualquer tipo de neg\u00f3cio, desde f\u00e1bricas ou transformadores de mat\u00e9rias-primas, centros de distribui\u00e7\u00e3o regional, at\u00e9 escrit\u00f3rios ou empresas de servi\u00e7os.<\/p>\n<p>[\/vc_column_text][\/vc_column][vc_column][g5plus_space desktop=&#8221;90&#8243; tablet=&#8221;70&#8243; tablet_portrait=&#8221;60&#8243; mobile_landscape=&#8221;50&#8243; mobile=&#8221;40&#8243;][\/vc_column][\/vc_row][vc_row][vc_column]<div class=\"nk-awb  \" >[g5plus_space desktop=&#8221;500&#8243; tablet=&#8221;70&#8243; tablet_portrait=&#8221;60&#8243; mobile_landscape=&#8221;50&#8243; mobile=&#8221;40&#8243;]<div class=\"nk-awb-wrap\" data-awb-type=\"image\" data-awb-stretch=\"true\" data-awb-image-background-size=\"cover\" data-awb-image-background-position=\"50% 50%\" data-awb-parallax=\"scroll\" data-awb-parallax-speed=\"0.5\" data-awb-parallax-mobile=\"false\"><div class=\"nk-awb-overlay\" style=\"background-color: rgba(0,0,0,0.41);\"><\/div><div  class=\"nk-awb-inner\"><img loading=\"lazy\" decoding=\"async\" width=\"900\" height=\"600\" src=\"https:\/\/zonafrancacolonia.com\/portugues\/wp-content\/uploads\/2023\/03\/G17_900x600-2.jpg\" class=\"jarallax-img\" alt=\"\" style=\"object-position: 50% 50%;\" srcset=\"https:\/\/zonafrancacolonia.com\/portugues\/wp-content\/uploads\/2023\/03\/G17_900x600-2.jpg 900w, https:\/\/zonafrancacolonia.com\/portugues\/wp-content\/uploads\/2023\/03\/G17_900x600-2-300x200.jpg 300w, https:\/\/zonafrancacolonia.com\/portugues\/wp-content\/uploads\/2023\/03\/G17_900x600-2-768x512.jpg 768w, https:\/\/zonafrancacolonia.com\/portugues\/wp-content\/uploads\/2023\/03\/G17_900x600-2-600x400.jpg 600w\" sizes=\"auto, (max-width: 900px) 100vw, 900px\" \/><\/div><\/div><\/div>[\/vc_column][\/vc_row][vc_row full_width=&#8221;stretch_row&#8221; css=&#8221;.vc_custom_1678254938276{background-image: url(http:\/\/marulauy.com\/zfc\/wp-content\/uploads\/2017\/06\/bg_landing_import.jpg?id=4856) !important;}&#8221;][vc_column][g5plus_space desktop=&#8221;90&#8243; tablet=&#8221;70&#8243; tablet_portrait=&#8221;60&#8243; mobile_landscape=&#8221;50&#8243; mobile=&#8221;40&#8243;][vc_column_text]<\/p>\n<h3 style=\"text-align: center;\"><span style=\"color: #006cb5;\"><strong>Imagine todas as possibilidades empreendedoras que sua empresa pode ter na ZONA FRANCA COLONIA:<\/strong><\/span><\/h3>\n<p>[\/vc_column_text][g5plus_space desktop=&#8221;90&#8243; tablet=&#8221;70&#8243; tablet_portrait=&#8221;60&#8243; mobile_landscape=&#8221;50&#8243; mobile=&#8221;40&#8243;][\/vc_column][vc_column width=&#8221;1\/2&#8243;][vc_column_text]<\/p>\n<ul>\n<li class=\"texto-justificado\">Comercializa\u00e7\u00e3o, dep\u00f3sito, armazenamento, acondicionamento, sele\u00e7\u00e3o, fracionamento, montagem, desmontagem, manipula\u00e7\u00e3o ou mistura de mercadorias ou mat\u00e9rias-primas de origem estrangeira ou nacional.<\/li>\n<\/ul>\n<p>[\/vc_column_text][vc_column_text css=&#8221;.vc_custom_1681692746470{margin-top: 20px !important;margin-bottom: 20px !important;}&#8221;]<\/p>\n<ul>\n<li class=\"texto-justificado\">Instala\u00e7\u00e3o e opera\u00e7\u00e3o de estabelecimentos fabris.<\/li>\n<\/ul>\n<p>[\/vc_column_text][vc_column_text]<\/p>\n<ul>\n<li class=\"texto-justificado\">Presta\u00e7\u00e3o de servi\u00e7os financeiros, inform\u00e1ticos, de repara\u00e7\u00e3o e manuten\u00e7\u00e3o, profissionais e outros que sejam necess\u00e1rios para o melhor funcionamento das atividades instaladas e venda dos referidos servi\u00e7os a terceiros pa\u00edses.<\/li>\n<\/ul>\n<p>[\/vc_column_text][\/vc_column][vc_column width=&#8221;1\/2&#8243;][vc_single_image image=&#8221;6196&#8243; img_size=&#8221;full&#8221; alignment=&#8221;center&#8221; css_animation=&#8221;fadeIn&#8221; css=&#8221;.vc_custom_1678255086343{background-position: center !important;background-repeat: no-repeat !important;background-size: cover !important;}&#8221;][\/vc_column][vc_column][g5plus_space desktop=&#8221;90&#8243; tablet=&#8221;70&#8243; tablet_portrait=&#8221;60&#8243; mobile_landscape=&#8221;50&#8243; mobile=&#8221;40&#8243;][\/vc_column][\/vc_row][vc_row full_width=&#8221;stretch_row&#8221; css=&#8221;.vc_custom_1678735234619{background-color: rgba(30,115,190,0.08) !important;*background-color: rgb(30,115,190) !important;}&#8221;][vc_column offset=&#8221;vc_col-lg-offset-1 vc_col-lg-10&#8243; css=&#8221;.vc_custom_1495161084857{padding-right: 0px !important;padding-left: 0px !important;}&#8221;][g5plus_space desktop=&#8221;120&#8243; tablet=&#8221;100&#8243; tablet_portrait=&#8221;90&#8243; mobile_landscape=&#8221;80&#8243; mobile=&#8221;70&#8243;][g5plus_heading title_size=&#8221;38&#8243; theme_fonts=&#8221;&#8221; google_fonts=&#8221;font_family:Montserrat%3Aregular%2C700|font_style:700%20bold%20regular%3A700%3Anormal&#8221; sub_color=&#8221;accent-color&#8221; underline=&#8221;true&#8221; align=&#8221;text-center&#8221; title=&#8221;Como posso operar na Zona Franca Colonia&#8221;][g5plus_space desktop=&#8221;120&#8243; tablet=&#8221;100&#8243; tablet_portrait=&#8221;90&#8243; mobile_landscape=&#8221;80&#8243; mobile=&#8221;70&#8243;][vc_row_inner css=&#8221;.vc_custom_1495101767861{margin-bottom: 80px !important;}&#8221;][vc_column_inner el_class=&#8221;mb-mg-bottom-30 mb-mg-bottom-30 lg-mb-bottom-0&#8243; offset=&#8221;vc_col-md-6&#8243; css=&#8221;.vc_custom_1495161470916{padding-right: 35px !important;padding-left: 0px !important;}&#8221;][g5plus_process layout_style=&#8221;style-4&#8243; description=&#8221;Ter uma sociedade cujo objeto social \u00fanico e exclusivo seja ser usu\u00e1rio de Zona Franca&#8221;][\/vc_column_inner][vc_column_inner el_class=&#8221;col-mb-offset-0 col-mb-12&#8243; width=&#8221;2\/3&#8243; offset=&#8221;vc_col-md-offset-0 vc_col-md-6 vc_col-sm-offset-2 vc_col-xs-offset-2 vc_col-xs-8&#8243; css=&#8221;.vc_custom_1495161222748{padding-right: 0px !important;}&#8221;][g5plus_process layout_style=&#8221;style-4&#8243; number_process=&#8221;2&#8243; title_size=&#8221;fs-48&#8243; description=&#8221;Assinar o contrato de usu\u00e1rio&#8221;][\/vc_column_inner][\/vc_row_inner][vc_row_inner css=&#8221;.vc_custom_1495101767861{margin-bottom: 80px !important;}&#8221;][vc_column_inner el_class=&#8221;mb-mg-bottom-30 mb-mg-bottom-30 lg-mb-bottom-0&#8243; offset=&#8221;vc_col-md-6&#8243; css=&#8221;.vc_custom_1495161470916{padding-right: 35px !important;padding-left: 0px !important;}&#8221;][g5plus_process layout_style=&#8221;style-4&#8243; number_process=&#8221;3&#8243; title_size=&#8221;fs-48&#8243; description=&#8221;Apresentar um projeto de investimento&#8221;][\/vc_column_inner][vc_column_inner el_class=&#8221;col-mb-offset-0 col-mb-12&#8243; width=&#8221;2\/3&#8243; offset=&#8221;vc_col-md-offset-0 vc_col-md-6 vc_col-sm-offset-2 vc_col-xs-offset-2 vc_col-xs-8&#8243; css=&#8221;.vc_custom_1495161222748{padding-right: 0px !important;}&#8221;][g5plus_process layout_style=&#8221;style-4&#8243; number_process=&#8221;4&#8243; title_size=&#8221;fs-48&#8243; description=&#8221;Toda a documenta\u00e7\u00e3o \u00e9 submetida \u00e0 Dire\u00e7\u00e3o Nacional de Zonas Francas, \u00f3rg\u00e3o estatal que deve aprovar formalmente o contrato&#8221;][\/vc_column_inner][\/vc_row_inner][vc_row_inner css=&#8221;.vc_custom_1495101767861{margin-bottom: 80px !important;}&#8221;][vc_column_inner el_class=&#8221;mb-mg-bottom-30 mb-mg-bottom-30 lg-mb-bottom-0&#8243; offset=&#8221;vc_col-md-6&#8243; css=&#8221;.vc_custom_1495161470916{padding-right: 35px !important;padding-left: 0px !important;}&#8221;][g5plus_process layout_style=&#8221;style-4&#8243; number_process=&#8221;5&#8243; title_size=&#8221;fs-48&#8243; description=&#8221;Uma vez aprovado o contrato de usu\u00e1rio, a sociedade usufrui dos benef\u00edcios previstos na lei&#8221;][\/vc_column_inner][vc_column_inner el_class=&#8221;col-mb-offset-0 col-mb-12&#8243; width=&#8221;2\/3&#8243; offset=&#8221;vc_col-md-offset-0 vc_col-md-6 vc_col-sm-offset-2 vc_col-xs-offset-2 vc_col-xs-8&#8243; css=&#8221;.vc_custom_1495161222748{padding-right: 0px !important;}&#8221;][\/vc_column_inner][\/vc_row_inner][g5plus_space desktop=&#8221;116&#8243; tablet=&#8221;95&#8243; tablet_portrait=&#8221;85&#8243; mobile_landscape=&#8221;75&#8243; mobile=&#8221;65&#8243;][\/vc_column][\/vc_row]<\/p>\n","protected":false},"excerpt":{"rendered":"<p>[vc_row full_width=&#8221;stretch_row&#8221; overlay_mode=&#8221;color&#8221; overlay_color=&#8221;rgba(0,108,181,0.81)&#8221; css=&#8221;.vc_custom_1681450373493{padding-top: 120px !important;padding-bottom: 96px !important;background-image: url(https:\/\/zonafrancacolonia.com\/portugues\/wp-content\/uploads\/2023\/03\/Su-Empresa-puede-estar-aqui-1-scaled.jpg?id=6590) !important;background-position: center !important;background-repeat: no-repeat !important;background-size: cover !important;}&#8221;][vc_column][vc_column_text css=&#8221;.vc_custom_1681441037329{margin-top: 10px !important;}&#8221;] Como posso operar na Zona Franca de Colonia? [\/vc_column_text][\/vc_column][vc_column][vc_row_inner][vc_column_inner el_class=&#8221;xs-text-center sm-text-right&#8221; width=&#8221;1\/4&#8243; offset=&#8221;vc_col-lg-3 vc_col-md-3 vc_col-sm-offset-3&#8243;][g5plus_space desktop=&#8221;35&#8243; tablet=&#8221;35&#8243; tablet_portrait=&#8221;35&#8243; mobile_landscape=&#8221;35&#8243; mobile=&#8221;35&#8243;][g5plus_button title=&#8221;Servi\u00e7os&#8221; style=&#8221;outline&#8221; color=&#8221;white&#8221; link=&#8221;url:https%3A%2F%2Fzonafrancacolonia.com%2Fportugues%2Fservicios%2F|title:%C2%BFPor%20qu%C3%A9%20instalarse%20en%20una%20zona%20franca%3F|rel:nofollow&#8221;][\/vc_column_inner][vc_column_inner el_class=&#8221;xs-text-center sm-text-left&#8221; width=&#8221;1\/4&#8243; offset=&#8221;vc_col-lg-offset-0 vc_col-md-offset-0 vc_col-sm-offset-0&#8243;][g5plus_space desktop=&#8221;35&#8243; tablet=&#8221;35&#8243; tablet_portrait=&#8221;35&#8243; mobile_landscape=&#8221;15&#8243; mobile=&#8221;15&#8243;][g5plus_button [&hellip;]<\/p>\n","protected":false},"author":1,"featured_media":0,"parent":0,"menu_order":0,"comment_status":"closed","ping_status":"closed","template":"","meta":{"footnotes":""},"class_list":["post-6328","page","type-page","status-publish","hentry"],"_links":{"self":[{"href":"https:\/\/zonafrancacolonia.com\/portugues\/wp-json\/wp\/v2\/pages\/6328","targetHints":{"allow":["GET"]}}],"collection":[{"href":"https:\/\/zonafrancacolonia.com\/portugues\/wp-json\/wp\/v2\/pages"}],"about":[{"href":"https:\/\/zonafrancacolonia.com\/portugues\/wp-json\/wp\/v2\/types\/page"}],"author":[{"embeddable":true,"href":"https:\/\/zonafrancacolonia.com\/portugues\/wp-json\/wp\/v2\/users\/1"}],"replies":[{"embeddable":true,"href":"https:\/\/zonafrancacolonia.com\/portugues\/wp-json\/wp\/v2\/comments?post=6328"}],"version-history":[{"count":29,"href":"https:\/\/zonafrancacolonia.com\/portugues\/wp-json\/wp\/v2\/pages\/6328\/revisions"}],"predecessor-version":[{"id":6703,"href":"https:\/\/zonafrancacolonia.com\/portugues\/wp-json\/wp\/v2\/pages\/6328\/revisions\/6703"}],"wp:attachment":[{"href":"https:\/\/zonafrancacolonia.com\/portugues\/wp-json\/wp\/v2\/media?parent=6328"}],"curies":[{"name":"wp","href":"https:\/\/api.w.org\/{rel}","templated":true}]}}