{"id":6294,"date":"2023-03-08T02:01:33","date_gmt":"2023-03-08T05:01:33","guid":{"rendered":"http:\/\/marulauy.com\/zfc\/?page_id=6294"},"modified":"2023-04-14T02:28:36","modified_gmt":"2023-04-14T05:28:36","slug":"por-que-investir-no-uruguai","status":"publish","type":"page","link":"https:\/\/zonafrancacolonia.com\/portugues\/por-que-investir-no-uruguai\/","title":{"rendered":"Por que investir no Uruguai?"},"content":{"rendered":"<p>[vc_row full_width=&#8221;stretch_row&#8221; overlay_mode=&#8221;color&#8221; overlay_color=&#8221;rgba(0,108,181,0.81)&#8221; css=&#8221;.vc_custom_1681450278574{padding-top: 120px !important;padding-bottom: 96px !important;background-image: url(https:\/\/zonafrancacolonia.com\/portugues\/wp-content\/uploads\/2023\/03\/Lugares-turisticos-en-Montevideo.jpg?id=6543) !important;background-position: center !important;background-repeat: no-repeat !important;background-size: cover !important;}&#8221;][vc_column][vc_column_text css=&#8221;.vc_custom_1681439575451{margin-top: 10px !important;}&#8221;]<\/p>\n<h2 style=\"color: #ffffff; text-align: center; font-size: 60px;\">Por que investir no Uruguai?<\/h2>\n<p>[\/vc_column_text][\/vc_column][vc_column][vc_row_inner][vc_column_inner el_class=&#8221;xs-text-center sm-text-right&#8221; width=&#8221;1\/4&#8243; offset=&#8221;vc_col-lg-3 vc_col-md-3 vc_col-sm-offset-3&#8243;][g5plus_space desktop=&#8221;35&#8243; tablet=&#8221;35&#8243; tablet_portrait=&#8221;35&#8243; mobile_landscape=&#8221;35&#8243; mobile=&#8221;35&#8243;][\/vc_column_inner][vc_column_inner el_class=&#8221;xs-text-center sm-text-left&#8221; width=&#8221;1\/4&#8243; offset=&#8221;vc_col-lg-offset-0 vc_col-md-offset-0 vc_col-sm-offset-0&#8243;][g5plus_space desktop=&#8221;35&#8243; tablet=&#8221;35&#8243; tablet_portrait=&#8221;35&#8243; mobile_landscape=&#8221;15&#8243; mobile=&#8221;15&#8243;][\/vc_column_inner][\/vc_row_inner][\/vc_column][\/vc_row][vc_row full_width=&#8221;stretch_row&#8221; css=&#8221;.vc_custom_1678251948940{background-color: rgba(30,115,190,0.08) !important;*background-color: rgb(30,115,190) !important;}&#8221;][vc_column width=&#8221;1\/2&#8243;][vc_single_image image=&#8221;6656&#8243; img_size=&#8221;full&#8221; alignment=&#8221;center&#8221;][\/vc_column][vc_column width=&#8221;1\/2&#8243;][vc_row_inner][vc_column_inner][g5plus_space desktop=&#8221;90&#8243; tablet=&#8221;40&#8243; tablet_portrait=&#8221;30&#8243; mobile_landscape=&#8221;30&#8243; mobile=&#8221;30&#8243;][\/vc_column_inner][vc_column_inner width=&#8221;1\/2&#8243;][g5plus_icon_box icon_font=&#8221;fas fa-check&#8221; description=&#8221;Pa\u00eds com o maior \u00edndice de democracia da regi\u00e3o.&#8221; has_line=&#8221;&#8221; box_shadow_hover=&#8221;&#8221; link=&#8221;url:%23|||&#8221; layout_style=&#8221;transparent&#8221; icon_size=&#8221;icon-mini&#8221; icon_align=&#8221;align-left&#8221; el_class=&#8221;xs-mg-top-30&#8243;][\/vc_column_inner][vc_column_inner width=&#8221;1\/2&#8243;][g5plus_icon_box icon_font=&#8221;fas fa-check&#8221; description=&#8221;Altos \u00edndices de transpar\u00eancia.&#8221; has_line=&#8221;&#8221; box_shadow_hover=&#8221;&#8221; link=&#8221;url:%23|||&#8221; layout_style=&#8221;transparent&#8221; icon_size=&#8221;icon-mini&#8221; icon_align=&#8221;align-left&#8221; el_class=&#8221;xs-mg-top-30&#8243;][\/vc_column_inner][vc_column_inner][g5plus_space desktop=&#8221;40&#8243; tablet=&#8221;40&#8243; tablet_portrait=&#8221;30&#8243; mobile_landscape=&#8221;30&#8243; mobile=&#8221;30&#8243;][\/vc_column_inner][vc_column_inner width=&#8221;1\/2&#8243;][g5plus_icon_box icon_font=&#8221;fas fa-check&#8221; description=&#8221;Pa\u00eds com a menor percep\u00e7\u00e3o de corrup\u00e7\u00e3o da regi\u00e3o.&#8221; has_line=&#8221;&#8221; box_shadow_hover=&#8221;&#8221; link=&#8221;url:%23|||&#8221; layout_style=&#8221;transparent&#8221; icon_size=&#8221;icon-mini&#8221; icon_align=&#8221;align-left&#8221; el_class=&#8221;xs-mg-top-30&#8243;][\/vc_column_inner][vc_column_inner width=&#8221;1\/2&#8243;][g5plus_icon_box icon_font=&#8221;fas fa-check&#8221; description=&#8221;Pa\u00eds est\u00e1vel com pol\u00edticas de estado mantidas apesar das mudan\u00e7as no Governo.&#8221; has_line=&#8221;&#8221; box_shadow_hover=&#8221;&#8221; link=&#8221;url:%23|||&#8221; layout_style=&#8221;transparent&#8221; icon_size=&#8221;icon-mini&#8221; icon_align=&#8221;align-left&#8221; el_class=&#8221;xs-mg-top-30&#8243;][\/vc_column_inner][vc_column_inner][g5plus_space desktop=&#8221;40&#8243; tablet=&#8221;40&#8243; tablet_portrait=&#8221;30&#8243; mobile_landscape=&#8221;30&#8243; mobile=&#8221;30&#8243;][\/vc_column_inner][vc_column_inner width=&#8221;1\/2&#8243;][g5plus_icon_box icon_font=&#8221;fas fa-check&#8221; description=&#8221;Normas jur\u00eddicas claras e est\u00e1veis.&#8221; has_line=&#8221;&#8221; box_shadow_hover=&#8221;&#8221; link=&#8221;url:%23|||&#8221; layout_style=&#8221;transparent&#8221; icon_size=&#8221;icon-mini&#8221; icon_align=&#8221;align-left&#8221; el_class=&#8221;xs-mg-top-30&#8243;][\/vc_column_inner][vc_column_inner width=&#8221;1\/2&#8243;][g5plus_icon_box icon_font=&#8221;fas fa-check&#8221; description=&#8221;Estabilidade macroecon\u00f4mica.&#8221; has_line=&#8221;&#8221; box_shadow_hover=&#8221;&#8221; link=&#8221;url:%23|||&#8221; layout_style=&#8221;transparent&#8221; icon_size=&#8221;icon-mini&#8221; icon_align=&#8221;align-left&#8221; el_class=&#8221;xs-mg-top-30&#8243;][\/vc_column_inner][vc_column_inner][g5plus_space desktop=&#8221;40&#8243; tablet=&#8221;40&#8243; tablet_portrait=&#8221;30&#8243; mobile_landscape=&#8221;30&#8243; mobile=&#8221;30&#8243;][\/vc_column_inner][vc_column_inner width=&#8221;1\/2&#8243;][g5plus_icon_box icon_font=&#8221;fas fa-check&#8221; description=&#8221;O pa\u00eds possui uma grande infraestrutura portu\u00e1ria, aeroportu\u00e1ria e rodovi\u00e1ria nacional.&#8221; has_line=&#8221;&#8221; box_shadow_hover=&#8221;&#8221; link=&#8221;url:%23|||&#8221; layout_style=&#8221;transparent&#8221; icon_size=&#8221;icon-mini&#8221; icon_align=&#8221;align-left&#8221; el_class=&#8221;xs-mg-top-30&#8243;][\/vc_column_inner][vc_column_inner width=&#8221;1\/2&#8243;][g5plus_icon_box icon_font=&#8221;fas fa-check&#8221; description=&#8221;As mudan\u00e7as na matriz energ\u00e9tica nos colocam entre os pa\u00edses mais avan\u00e7ados em termos de energia renov\u00e1vel.&#8221; has_line=&#8221;&#8221; box_shadow_hover=&#8221;&#8221; link=&#8221;url:%23|||&#8221; layout_style=&#8221;transparent&#8221; icon_size=&#8221;icon-mini&#8221; icon_align=&#8221;align-left&#8221; el_class=&#8221;xs-mg-top-30&#8243;][\/vc_column_inner][vc_column_inner][g5plus_space desktop=&#8221;40&#8243; tablet=&#8221;40&#8243; tablet_portrait=&#8221;30&#8243; mobile_landscape=&#8221;30&#8243; mobile=&#8221;30&#8243;][\/vc_column_inner][vc_column_inner width=&#8221;1\/2&#8243;][g5plus_icon_box icon_font=&#8221;fas fa-check&#8221; description=&#8221;M\u00e3o de obra qualificada.&#8221; has_line=&#8221;&#8221; box_shadow_hover=&#8221;&#8221; link=&#8221;url:%23|||&#8221; layout_style=&#8221;transparent&#8221; icon_size=&#8221;icon-mini&#8221; icon_align=&#8221;align-left&#8221; el_class=&#8221;xs-mg-top-30&#8243;][\/vc_column_inner][vc_column_inner width=&#8221;1\/2&#8243;][\/vc_column_inner][\/vc_row_inner][\/vc_column][vc_column][g5plus_space desktop=&#8221;90&#8243; tablet=&#8221;70&#8243; tablet_portrait=&#8221;60&#8243; mobile_landscape=&#8221;50&#8243; mobile=&#8221;40&#8243;][\/vc_column][\/vc_row]<\/p>\n","protected":false},"excerpt":{"rendered":"<p>[vc_row full_width=&#8221;stretch_row&#8221; overlay_mode=&#8221;color&#8221; overlay_color=&#8221;rgba(0,108,181,0.81)&#8221; css=&#8221;.vc_custom_1681450278574{padding-top: 120px !important;padding-bottom: 96px !important;background-image: url(https:\/\/zonafrancacolonia.com\/portugues\/wp-content\/uploads\/2023\/03\/Lugares-turisticos-en-Montevideo.jpg?id=6543) !important;background-position: center !important;background-repeat: no-repeat !important;background-size: cover !important;}&#8221;][vc_column][vc_column_text css=&#8221;.vc_custom_1681439575451{margin-top: 10px !important;}&#8221;] Por que investir no Uruguai? [\/vc_column_text][\/vc_column][vc_column][vc_row_inner][vc_column_inner el_class=&#8221;xs-text-center sm-text-right&#8221; width=&#8221;1\/4&#8243; offset=&#8221;vc_col-lg-3 vc_col-md-3 vc_col-sm-offset-3&#8243;][g5plus_space desktop=&#8221;35&#8243; tablet=&#8221;35&#8243; tablet_portrait=&#8221;35&#8243; mobile_landscape=&#8221;35&#8243; mobile=&#8221;35&#8243;][\/vc_column_inner][vc_column_inner el_class=&#8221;xs-text-center sm-text-left&#8221; width=&#8221;1\/4&#8243; offset=&#8221;vc_col-lg-offset-0 vc_col-md-offset-0 vc_col-sm-offset-0&#8243;][g5plus_space desktop=&#8221;35&#8243; tablet=&#8221;35&#8243; tablet_portrait=&#8221;35&#8243; mobile_landscape=&#8221;15&#8243; mobile=&#8221;15&#8243;][\/vc_column_inner][\/vc_row_inner][\/vc_column][\/vc_row][vc_row full_width=&#8221;stretch_row&#8221; css=&#8221;.vc_custom_1678251948940{background-color: rgba(30,115,190,0.08) !important;*background-color: rgb(30,115,190) !important;}&#8221;][vc_column width=&#8221;1\/2&#8243;][vc_single_image [&hellip;]<\/p>\n","protected":false},"author":1,"featured_media":0,"parent":0,"menu_order":0,"comment_status":"closed","ping_status":"closed","template":"","meta":{"footnotes":""},"class_list":["post-6294","page","type-page","status-publish","hentry"],"_links":{"self":[{"href":"https:\/\/zonafrancacolonia.com\/portugues\/wp-json\/wp\/v2\/pages\/6294","targetHints":{"allow":["GET"]}}],"collection":[{"href":"https:\/\/zonafrancacolonia.com\/portugues\/wp-json\/wp\/v2\/pages"}],"about":[{"href":"https:\/\/zonafrancacolonia.com\/portugues\/wp-json\/wp\/v2\/types\/page"}],"author":[{"embeddable":true,"href":"https:\/\/zonafrancacolonia.com\/portugues\/wp-json\/wp\/v2\/users\/1"}],"replies":[{"embeddable":true,"href":"https:\/\/zonafrancacolonia.com\/portugues\/wp-json\/wp\/v2\/comments?post=6294"}],"version-history":[{"count":37,"href":"https:\/\/zonafrancacolonia.com\/portugues\/wp-json\/wp\/v2\/pages\/6294\/revisions"}],"predecessor-version":[{"id":6676,"href":"https:\/\/zonafrancacolonia.com\/portugues\/wp-json\/wp\/v2\/pages\/6294\/revisions\/6676"}],"wp:attachment":[{"href":"https:\/\/zonafrancacolonia.com\/portugues\/wp-json\/wp\/v2\/media?parent=6294"}],"curies":[{"name":"wp","href":"https:\/\/api.w.org\/{rel}","templated":true}]}}