{"id":6227,"date":"2023-03-03T01:22:40","date_gmt":"2023-03-03T04:22:40","guid":{"rendered":"http:\/\/marulauy.com\/zfc\/?page_id=6227"},"modified":"2023-04-16T21:55:08","modified_gmt":"2023-04-17T00:55:08","slug":"ubicacion","status":"publish","type":"page","link":"https:\/\/zonafrancacolonia.com\/portugues\/ubicacion\/","title":{"rendered":"UBICACION"},"content":{"rendered":"<p>[vc_row full_width=&#8221;stretch_row&#8221; overlay_mode=&#8221;color&#8221; overlay_color=&#8221;rgba(0,108,181,0.81)&#8221; css=&#8221;.vc_custom_1681450538192{padding-top: 120px !important;padding-bottom: 96px !important;background-image: url(https:\/\/zonafrancacolonia.com\/portugues\/wp-content\/uploads\/2023\/03\/encabezado_ubicacion-1.jpg?id=6233) !important;background-position: center !important;background-repeat: no-repeat !important;background-size: cover !important;}&#8221;][vc_column][vc_column_text css=&#8221;.vc_custom_1681443012100{margin-top: 10px !important;}&#8221;]<\/p>\n<h2 style=\"color: #ffffff; text-align: center; font-size: 60px;\">Localiza\u00e7\u00e3o<\/h2>\n<p>[\/vc_column_text][\/vc_column][vc_column][vc_row_inner][vc_column_inner width=&#8221;2\/3&#8243; offset=&#8221;vc_col-sm-offset-2&#8243;][vc_column_text css=&#8221;.vc_custom_1681443030715{margin-top: 25px !important;}&#8221;]<\/p>\n<p style=\"color: #dddddd; text-align: center;\">Colonia del Sacramento \u00e9 Patrim\u00f4nio Hist\u00f3rico da Humanidade. Seu atrativo tur\u00edstico e seu porto em frente \u00e0 cidade de Buenos Aires o tornam o lugar ideal para combinar trabalho e tranquilidade.<\/p>\n<p>[\/vc_column_text][\/vc_column_inner][\/vc_row_inner][\/vc_column][vc_column][vc_row_inner][vc_column_inner el_class=&#8221;xs-text-center sm-text-right&#8221; width=&#8221;1\/4&#8243; offset=&#8221;vc_col-lg-3 vc_col-md-3 vc_col-sm-offset-3&#8243;][g5plus_space desktop=&#8221;35&#8243; tablet=&#8221;35&#8243; tablet_portrait=&#8221;35&#8243; mobile_landscape=&#8221;35&#8243; mobile=&#8221;35&#8243;][\/vc_column_inner][vc_column_inner el_class=&#8221;xs-text-center sm-text-left&#8221; width=&#8221;1\/4&#8243; offset=&#8221;vc_col-lg-offset-0 vc_col-md-offset-0 vc_col-sm-offset-0&#8243;][g5plus_space desktop=&#8221;35&#8243; tablet=&#8221;35&#8243; tablet_portrait=&#8221;35&#8243; mobile_landscape=&#8221;15&#8243; mobile=&#8221;15&#8243;][\/vc_column_inner][\/vc_row_inner][\/vc_column][\/vc_row][vc_row][vc_column][g5plus_space desktop=&#8221;70&#8243; tablet=&#8221;60&#8243; tablet_portrait=&#8221;60&#8243; mobile_landscape=&#8221;50&#8243; mobile=&#8221;40&#8243;][g5plus_heading title_size=&#8221;38&#8243; theme_fonts=&#8221;&#8221; google_fonts=&#8221;font_family:Montserrat%3Aregular%2C700|font_style:700%20bold%20regular%3A700%3Anormal&#8221; sub_color=&#8221;accent-color&#8221; underline=&#8221;true&#8221; align=&#8221;text-center&#8221; title=&#8221;Localiza\u00e7\u00e3o&#8221;][g5plus_space desktop=&#8221;70&#8243; tablet=&#8221;60&#8243; tablet_portrait=&#8221;60&#8243; mobile_landscape=&#8221;50&#8243; mobile=&#8221;40&#8243;][\/vc_column][\/vc_row][vc_row][vc_column width=&#8221;1\/2&#8243;][vc_column_text]<\/p>\n<p class=\"texto-justificado\">A Rep\u00fablica Oriental do Uruguai est\u00e1 localizada no sudoeste da Am\u00e9rica do Sul. Limita a noroeste com a Rep\u00fablica Federativa do Brasil, a sul e sudoeste com o R\u00edo de la Plata, e a oeste o rio Uruguai a separa da Rep\u00fablica Argentina.<\/p>\n<p class=\"texto-justificado\">Sua popula\u00e7\u00e3o \u00e9 de 3.241.003 (2005) habitantes e sua superf\u00edcie \u00e9 de 176.215 km2 com mais de 500 km. de costas ao longo do Oceano Atl\u00e2ntico e do R\u00edo de la Plata.<\/p>\n<p class=\"texto-justificado\">O Uruguai \u00e9 membro do acordo chamado Mercado Comum do Sul (MERCOSUL) com o qual se integra em um mercado \u00fanico de mais de 229 milh\u00f5es de habitantes com a maior renda per capita do Continente e um PIB de aproximadamente 704 bilh\u00f5es de d\u00f3lares.<\/p>\n<p class=\"texto-justificado\">Sua variada e extensa rede de comunica\u00e7\u00f5es, aliada \u00e0 competitividade de seus servi\u00e7os financeiros e infraestrutura de apoio \u00e0 atividade empresarial, facilita o acesso ao eixo central dos neg\u00f3cios no MERCOSUL e sua proje\u00e7\u00e3o para outras regi\u00f5es e pa\u00edses do mundo.<\/p>\n<p>[\/vc_column_text][\/vc_column][vc_column width=&#8221;1\/2&#8243;][vc_column_text]<\/p>\n<p class=\"texto-justificado\">A ZONA FRANCA COLONIA est\u00e1 localizada na cidade de Col\u00f4nia do Sacramento declarada em 1995 pela UNESCO, Patrim\u00f4nio Hist\u00f3rico da Humanidade. Sua funda\u00e7\u00e3o data de 1923, por isso \u00e9 uma das mais antigas e conhecidas Zonas Francas do pa\u00eds e que a credencia como a de maior experi\u00eancia na Am\u00e9rica do Sul.<\/p>\n<p class=\"texto-justificado\">Localizada estrategicamente sobre o R\u00edo de la Plata, fica a 178 km de dist\u00e2ncia de Montevid\u00e9u, 600 metros do Porto de Colonia e apenas 45 km da cidade de Buenos Aires, conectada por numerosos servi\u00e7os regulares de transporte mar\u00edtimo, a\u00e9reo e terrestre.<\/p>\n<p>[\/vc_column_text][\/vc_column][\/vc_row][vc_row full_width=&#8221;stretch_row_content_no_spaces&#8221;][vc_column][g5plus_space desktop=&#8221;70&#8243; tablet=&#8221;60&#8243; tablet_portrait=&#8221;60&#8243; mobile_landscape=&#8221;50&#8243; mobile=&#8221;40&#8243;][vc_gmaps link=&#8221;#E-8_JTNDaWZyYW1lJTIwc3JjJTNEJTIyaHR0cHMlM0ElMkYlMkZ3d3cuZ29vZ2xlLmNvbSUyRm1hcHMlMkZlbWJlZCUzRnBiJTNEJTIxMW0xOCUyMTFtMTIlMjExbTMlMjExZDMyODkuMzI4MjMwNzEzNTM0JTIxMmQtNTcuODM0NTYwMDQ4NjA4ODE0JTIxM2QtMzQuNDY5MTk2NzU3ODA1MjQlMjEybTMlMjExZjAlMjEyZjAlMjEzZjAlMjEzbTIlMjExaTEwMjQlMjEyaTc2OCUyMTRmMTMuMSUyMTNtMyUyMTFtMiUyMTFzMHg5NWEzMTI3MGQ1ZDA5ZjM3JTI1M0EweGQ5ODQ0NzY2YzQ2NTRlMWUlMjEyc1pvbmElMjUyMEZyYW5jYSUyNTIwQ29sb25pYSUyMTVlMCUyMTNtMiUyMTFzZXMlMjEyc3V5JTIxNHYxNjc3ODE5Njg5NDk2JTIxNW0yJTIxMXNlcyUyMTJzdXklMjIlMjB3aWR0aCUzRCUyMjYwMCUyMiUyMGhlaWdodCUzRCUyMjQ1MCUyMiUyMHN0eWxlJTNEJTIyYm9yZGVyJTNBMCUzQiUyMiUyMGFsbG93ZnVsbHNjcmVlbiUzRCUyMiUyMiUyMGxvYWRpbmclM0QlMjJsYXp5JTIyJTIwcmVmZXJyZXJwb2xpY3klM0QlMjJuby1yZWZlcnJlci13aGVuLWRvd25ncmFkZSUyMiUzRSUzQyUyRmlmcmFtZSUzRQ==&#8221;][\/vc_column][\/vc_row]<\/p>\n","protected":false},"excerpt":{"rendered":"<p>[vc_row full_width=&#8221;stretch_row&#8221; overlay_mode=&#8221;color&#8221; overlay_color=&#8221;rgba(0,108,181,0.81)&#8221; css=&#8221;.vc_custom_1681450538192{padding-top: 120px !important;padding-bottom: 96px !important;background-image: url(https:\/\/zonafrancacolonia.com\/portugues\/wp-content\/uploads\/2023\/03\/encabezado_ubicacion-1.jpg?id=6233) !important;background-position: center !important;background-repeat: no-repeat !important;background-size: cover !important;}&#8221;][vc_column][vc_column_text css=&#8221;.vc_custom_1681443012100{margin-top: 10px !important;}&#8221;] Localiza\u00e7\u00e3o [\/vc_column_text][\/vc_column][vc_column][vc_row_inner][vc_column_inner width=&#8221;2\/3&#8243; offset=&#8221;vc_col-sm-offset-2&#8243;][vc_column_text css=&#8221;.vc_custom_1681443030715{margin-top: 25px !important;}&#8221;] Colonia del Sacramento \u00e9 Patrim\u00f4nio Hist\u00f3rico da Humanidade. Seu atrativo tur\u00edstico e seu porto em frente \u00e0 cidade de Buenos Aires o tornam o lugar ideal para combinar [&hellip;]<\/p>\n","protected":false},"author":1,"featured_media":0,"parent":0,"menu_order":0,"comment_status":"closed","ping_status":"closed","template":"","meta":{"footnotes":""},"class_list":["post-6227","page","type-page","status-publish","hentry"],"_links":{"self":[{"href":"https:\/\/zonafrancacolonia.com\/portugues\/wp-json\/wp\/v2\/pages\/6227","targetHints":{"allow":["GET"]}}],"collection":[{"href":"https:\/\/zonafrancacolonia.com\/portugues\/wp-json\/wp\/v2\/pages"}],"about":[{"href":"https:\/\/zonafrancacolonia.com\/portugues\/wp-json\/wp\/v2\/types\/page"}],"author":[{"embeddable":true,"href":"https:\/\/zonafrancacolonia.com\/portugues\/wp-json\/wp\/v2\/users\/1"}],"replies":[{"embeddable":true,"href":"https:\/\/zonafrancacolonia.com\/portugues\/wp-json\/wp\/v2\/comments?post=6227"}],"version-history":[{"count":18,"href":"https:\/\/zonafrancacolonia.com\/portugues\/wp-json\/wp\/v2\/pages\/6227\/revisions"}],"predecessor-version":[{"id":6699,"href":"https:\/\/zonafrancacolonia.com\/portugues\/wp-json\/wp\/v2\/pages\/6227\/revisions\/6699"}],"wp:attachment":[{"href":"https:\/\/zonafrancacolonia.com\/portugues\/wp-json\/wp\/v2\/media?parent=6227"}],"curies":[{"name":"wp","href":"https:\/\/api.w.org\/{rel}","templated":true}]}}