{"id":6154,"date":"2023-02-28T23:40:34","date_gmt":"2023-03-01T02:40:34","guid":{"rendered":"http:\/\/marulauy.com\/zfc\/?page_id=6154"},"modified":"2023-04-16T21:51:53","modified_gmt":"2023-04-17T00:51:53","slug":"servicios","status":"publish","type":"page","link":"https:\/\/zonafrancacolonia.com\/portugues\/servicios\/","title":{"rendered":"SERVICIOS"},"content":{"rendered":"<p>[vc_row full_width=&#8221;stretch_row&#8221; overlay_mode=&#8221;color&#8221; overlay_color=&#8221;rgba(0,108,181,0.83)&#8221; css=&#8221;.vc_custom_1681450428636{padding-top: 120px !important;padding-bottom: 96px !important;background-image: url(https:\/\/zonafrancacolonia.com\/portugues\/wp-content\/uploads\/2023\/02\/img_servicios.jpg?id=6155) !important;background-position: center !important;background-repeat: no-repeat !important;background-size: cover !important;}&#8221;][vc_column][vc_column_text css=&#8221;.vc_custom_1681441522750{margin-top: 10px !important;}&#8221;]<\/p>\n<h2 style=\"color: #ffffff; text-align: center; font-size: 60px;\">Nossos servi\u00e7os<\/h2>\n<p>[\/vc_column_text][\/vc_column][vc_column][vc_row_inner][vc_column_inner width=&#8221;2\/3&#8243; offset=&#8221;vc_col-sm-offset-2&#8243;][vc_column_text css=&#8221;.vc_custom_1681441539684{margin-top: 25px !important;}&#8221;]<\/p>\n<p style=\"color: #dddddd; text-align: center;\">Poder\u00e3o ser fornecidos todos os tipos de servi\u00e7os n\u00e3o limitados pelos regulamentos nacionais dentro da Zona Franca, bem como desta para pa\u00edses terceiros, com baixos custos de instala\u00e7\u00e3o.<\/p>\n<p>[\/vc_column_text][\/vc_column_inner][\/vc_row_inner][\/vc_column][vc_column][vc_row_inner][vc_column_inner el_class=&#8221;xs-text-center sm-text-right&#8221; width=&#8221;1\/4&#8243; offset=&#8221;vc_col-lg-3 vc_col-md-3 vc_col-sm-offset-3&#8243;][g5plus_space desktop=&#8221;35&#8243; tablet=&#8221;35&#8243; tablet_portrait=&#8221;35&#8243; mobile_landscape=&#8221;35&#8243; mobile=&#8221;35&#8243;][\/vc_column_inner][vc_column_inner el_class=&#8221;xs-text-center sm-text-left&#8221; width=&#8221;1\/4&#8243; offset=&#8221;vc_col-lg-offset-0 vc_col-md-offset-0 vc_col-sm-offset-0&#8243;][g5plus_space desktop=&#8221;35&#8243; tablet=&#8221;35&#8243; tablet_portrait=&#8221;35&#8243; mobile_landscape=&#8221;15&#8243; mobile=&#8221;15&#8243;][\/vc_column_inner][\/vc_row_inner][\/vc_column][\/vc_row][vc_row][vc_column][g5plus_space desktop=&#8221;90&#8243; tablet=&#8221;70&#8243; tablet_portrait=&#8221;60&#8243; mobile_landscape=&#8221;50&#8243; mobile=&#8221;40&#8243;][g5plus_heading title_size=&#8221;38&#8243; theme_fonts=&#8221;&#8221; google_fonts=&#8221;font_family:Montserrat%3Aregular%2C700|font_style:700%20bold%20regular%3A700%3Anormal&#8221; sub_color=&#8221;accent-color&#8221; underline=&#8221;true&#8221; align=&#8221;text-center&#8221; title=&#8221;Servi\u00e7os de primeira qualidade&#8221;][g5plus_space desktop=&#8221;35&#8243; tablet=&#8221;35&#8243; tablet_portrait=&#8221;35&#8243; mobile_landscape=&#8221;35&#8243; mobile=&#8221;35&#8243;][vc_row_inner][vc_column_inner width=&#8221;1\/2&#8243;][vc_column_text]<\/p>\n<p class=\"texto-justificado\">A estabilidade jur\u00eddica, os altos n\u00edveis culturais de sua popula\u00e7\u00e3o aliados \u00e0 localiza\u00e7\u00e3o geogr\u00e1fica insuper\u00e1vel geram um ambiente de trabalho ideal para a instala\u00e7\u00e3o de empresas prestadoras de servi\u00e7os.<\/p>\n<p class=\"texto-justificado\">A ZONA FRANCA COLONIA oferece uma gama de servi\u00e7os de primeira qualidade de acordo com os requisitos internacionais para o manuseio de mercadorias, agilidade e confiabilidade em seus servi\u00e7os com pessoal altamente qualificado.<\/p>\n<p>[\/vc_column_text][\/vc_column_inner][vc_column_inner width=&#8221;1\/2&#8243;][vc_column_text]<\/p>\n<p class=\"texto-justificado\">Os servi\u00e7os p\u00fablicos (\u00e1gua, g\u00e1s, eletricidade) est\u00e3o isentos do pagamento de impostos nacionais.<\/p>\n<p class=\"texto-justificado\">O fornecimento de energia el\u00e9trica tem baix\u00edssimo custo dentro da \u00e1rea industrial da ZONA FRANCA COLONIA e \u00e9 mais um diferencial importante para nossas ind\u00fastrias.<\/p>\n<p class=\"texto-justificado\">Tamb\u00e9m garantimos aos nossos usu\u00e1rios um servi\u00e7o telef\u00f4nico nacional e internacional eficiente.<\/p>\n<p>[\/vc_column_text][\/vc_column_inner][\/vc_row_inner][\/vc_column][\/vc_row][vc_row][vc_column][g5plus_space desktop=&#8221;90&#8243; tablet=&#8221;70&#8243; tablet_portrait=&#8221;60&#8243; mobile_landscape=&#8221;50&#8243; mobile=&#8221;40&#8243;][\/vc_column][\/vc_row][vc_row full_width=&#8221;stretch_row&#8221; css=&#8221;.vc_custom_1494857490905{background-color: #f7f7f7 !important;}&#8221;][vc_column][g5plus_space desktop=&#8221;114&#8243; tablet=&#8221;90&#8243; tablet_portrait=&#8221;80&#8243; mobile_landscape=&#8221;70&#8243; mobile=&#8221;60&#8243;][\/vc_column][vc_column width=&#8221;1\/2&#8243; offset=&#8221;vc_col-lg-4 vc_col-md-4&#8243;][g5plus_icon_box icon_font=&#8221;fas fa-chevron-circle-right&#8221; title=&#8221;ALF\u00c2NDEGA NA PR\u00d3PRIA ZONA FRANCA COLONIA&#8221; has_line=&#8221;true&#8221; box_shadow_hover=&#8221;true&#8221; layout_style=&#8221;transparent&#8221; icon_align=&#8221;align-left&#8221;][g5plus_icon_box icon_font=&#8221;fas fa-chevron-circle-right&#8221; title=&#8221;SISTEMA DE HIDRANTES PARA COMBATE A INC\u00caNDIO&#8221; has_line=&#8221;true&#8221; box_shadow_hover=&#8221;true&#8221; layout_style=&#8221;transparent&#8221; icon_align=&#8221;align-left&#8221;][g5plus_icon_box icon_font=&#8221;fas fa-chevron-circle-right&#8221; title=&#8221;SERVI\u00c7O DE CAFETERIA&#8221; has_line=&#8221;true&#8221; box_shadow_hover=&#8221;true&#8221; layout_style=&#8221;transparent&#8221; icon_align=&#8221;align-left&#8221;][g5plus_icon_box icon_font=&#8221;fas fa-chevron-circle-right&#8221; title=&#8221;PRAIA DE CONT\u00caINERS&#8221; has_line=&#8221;true&#8221; box_shadow_hover=&#8221;true&#8221; layout_style=&#8221;transparent&#8221; icon_align=&#8221;align-left&#8221;][\/vc_column][vc_column width=&#8221;1\/2&#8243; offset=&#8221;vc_col-lg-4 vc_col-md-4&#8243;][g5plus_icon_box icon_font=&#8221;fas fa-chevron-circle-right&#8221; title=&#8221;CIRCUITO FECHADO DE TV&#8221; has_line=&#8221;true&#8221; box_shadow_hover=&#8221;true&#8221; layout_style=&#8221;transparent&#8221; icon_align=&#8221;align-left&#8221;][g5plus_icon_box icon_font=&#8221;fas fa-chevron-circle-right&#8221; title=&#8221;CONTROLE DE INVENT\u00c1RIO&#8221; has_line=&#8221;true&#8221; box_shadow_hover=&#8221;true&#8221; layout_style=&#8221;transparent&#8221; icon_align=&#8221;align-left&#8221;][g5plus_icon_box icon_font=&#8221;fas fa-chevron-circle-right&#8221; title=&#8221;SEGURAN\u00c7A DO PER\u00cdMETRO COM EQUIPAMENTO ELETR\u00d4NICO&#8221; has_line=&#8221;true&#8221; box_shadow_hover=&#8221;true&#8221; layout_style=&#8221;transparent&#8221; icon_align=&#8221;align-left&#8221;][\/vc_column][vc_column width=&#8221;1\/2&#8243; offset=&#8221;vc_col-lg-4 vc_col-md-4&#8243;][g5plus_icon_box icon_font=&#8221;fas fa-chevron-circle-right&#8221; title=&#8221;SERVI\u00c7O DE LIMPEZA&#8221; has_line=&#8221;true&#8221; box_shadow_hover=&#8221;true&#8221; layout_style=&#8221;transparent&#8221; icon_align=&#8221;align-left&#8221;][g5plus_icon_box icon_font=&#8221;fas fa-chevron-circle-right&#8221; title=&#8221;REDE DE \u00c1GUA POT\u00c1VEL COM TANQUES PR\u00d3PRIOS&#8221; has_line=&#8221;true&#8221; box_shadow_hover=&#8221;true&#8221; layout_style=&#8221;transparent&#8221; icon_align=&#8221;align-left&#8221;][g5plus_icon_box icon_font=&#8221;fas fa-chevron-circle-right&#8221; title=&#8221;FIBRA \u00d3TICA&#8221; has_line=&#8221;true&#8221; box_shadow_hover=&#8221;true&#8221; layout_style=&#8221;transparent&#8221; icon_align=&#8221;align-left&#8221;][\/vc_column][vc_column][g5plus_space desktop=&#8221;111&#8243; tablet=&#8221;90&#8243; tablet_portrait=&#8221;80&#8243; mobile_landscape=&#8221;70&#8243; mobile=&#8221;60&#8243;][\/vc_column][\/vc_row][vc_row][vc_column]<div class=\"nk-awb  \" >[g5plus_space desktop=&#8221;500&#8243; tablet=&#8221;70&#8243; tablet_portrait=&#8221;60&#8243; mobile_landscape=&#8221;50&#8243; mobile=&#8221;40&#8243;]<div class=\"nk-awb-wrap\" data-awb-type=\"image\" data-awb-stretch=\"true\" data-awb-image-background-size=\"cover\" data-awb-image-background-position=\"50% 50%\" data-awb-parallax=\"scroll\" data-awb-parallax-speed=\"0.5\" data-awb-parallax-mobile=\"false\"><div class=\"nk-awb-overlay\" style=\"background-color: rgba(0,0,0,0.42);\"><\/div><div  class=\"nk-awb-inner\"><img loading=\"lazy\" decoding=\"async\" width=\"900\" height=\"600\" src=\"https:\/\/zonafrancacolonia.com\/portugues\/wp-content\/uploads\/2023\/03\/G02_900x600-1.jpg\" class=\"jarallax-img\" alt=\"\" style=\"object-position: 50% 50%;\" srcset=\"https:\/\/zonafrancacolonia.com\/portugues\/wp-content\/uploads\/2023\/03\/G02_900x600-1.jpg 900w, https:\/\/zonafrancacolonia.com\/portugues\/wp-content\/uploads\/2023\/03\/G02_900x600-1-300x200.jpg 300w, https:\/\/zonafrancacolonia.com\/portugues\/wp-content\/uploads\/2023\/03\/G02_900x600-1-768x512.jpg 768w, https:\/\/zonafrancacolonia.com\/portugues\/wp-content\/uploads\/2023\/03\/G02_900x600-1-600x400.jpg 600w\" sizes=\"auto, (max-width: 900px) 100vw, 900px\" \/><\/div><\/div><\/div>[\/vc_column][\/vc_row][vc_row][vc_column][g5plus_space desktop=&#8221;111&#8243; tablet=&#8221;90&#8243; tablet_portrait=&#8221;80&#8243; mobile_landscape=&#8221;70&#8243; mobile=&#8221;60&#8243;][g5plus_heading title_size=&#8221;38&#8243; theme_fonts=&#8221;&#8221; google_fonts=&#8221;font_family:Montserrat%3Aregular%2C700|font_style:700%20bold%20regular%3A700%3Anormal&#8221; sub_color=&#8221;accent-color&#8221; underline=&#8221;&#8221; align=&#8221;text-center&#8221; title=&#8221;Servi\u00e7os oferecidos por empresas instaladas na ZFC&#8221;][g5plus_space desktop=&#8221;35&#8243; tablet=&#8221;35&#8243; tablet_portrait=&#8221;35&#8243; mobile_landscape=&#8221;35&#8243; mobile=&#8221;35&#8243;][\/vc_column][\/vc_row][vc_row][vc_column width=&#8221;1\/2&#8243;][g5plus_icon_box icon_font=&#8221;fas fa-chevron-circle-right&#8221; title=&#8221;SERVI\u00c7O DE LOG\u00cdSTICA INTEGRAL&#8221; has_line=&#8221;true&#8221; box_shadow_hover=&#8221;true&#8221; layout_style=&#8221;transparent&#8221; icon_align=&#8221;align-left&#8221;][g5plus_icon_box icon_font=&#8221;fas fa-chevron-circle-right&#8221; title=&#8221;SERVI\u00c7O DE TRANSPORTE, ARMAZENAMENTO E DEP\u00d3SITO&#8221; has_line=&#8221;true&#8221; box_shadow_hover=&#8221;true&#8221; layout_style=&#8221;transparent&#8221; icon_align=&#8221;align-left&#8221;][g5plus_icon_box icon_font=&#8221;fas fa-chevron-circle-right&#8221; title=&#8221;GEST\u00c3O ADUANEIRA&#8221; has_line=&#8221;true&#8221; box_shadow_hover=&#8221;true&#8221; layout_style=&#8221;transparent&#8221; icon_align=&#8221;align-left&#8221;][g5plus_icon_box icon_font=&#8221;fas fa-chevron-circle-right&#8221; title=&#8221;SERVI\u00c7OS DE MARKETING, AUDITORIA, ADMINISTRA\u00c7\u00c3O, INFORM\u00c1TICA E CONSULTORIA&#8221; has_line=&#8221;true&#8221; box_shadow_hover=&#8221;true&#8221; link=&#8221;url:%23|||&#8221; layout_style=&#8221;transparent&#8221; icon_align=&#8221;align-left&#8221;][\/vc_column][vc_column width=&#8221;1\/2&#8243;][g5plus_icon_box icon_font=&#8221;fas fa-chevron-circle-right&#8221; title=&#8221;SERVI\u00c7OS BANC\u00c1RIOS, FINANCEIROS E DE SEGUROS&#8221; has_line=&#8221;true&#8221; box_shadow_hover=&#8221;true&#8221; layout_style=&#8221;transparent&#8221; icon_align=&#8221;align-left&#8221;][g5plus_icon_box icon_font=&#8221;fas fa-chevron-circle-right&#8221; title=&#8221;FRACIONAMENTO E REEMBALAGEM&#8221; has_line=&#8221;true&#8221; box_shadow_hover=&#8221;true&#8221; layout_style=&#8221;transparent&#8221; icon_align=&#8221;align-left&#8221;][g5plus_icon_box icon_font=&#8221;fas fa-chevron-circle-right&#8221; title=&#8221;PESSOAL CAPACITADO E MANUSEIO DE CARGAS&#8221; has_line=&#8221;true&#8221; box_shadow_hover=&#8221;true&#8221; layout_style=&#8221;transparent&#8221; icon_align=&#8221;align-left&#8221;][\/vc_column][\/vc_row][vc_row full_width=&#8221;stretch_row&#8221; overlay_mode=&#8221;color&#8221; overlay_color=&#8221;rgba(0,108,181,0.8)&#8221; css=&#8221;.vc_custom_1677642659384{padding-top: 50px !important;padding-bottom: 50px !important;background-image: url(http:\/\/marulauy.com\/zfc\/wp-content\/uploads\/2023\/02\/parallax_home.jpg?id=5931) !important;background-position: center !important;background-repeat: no-repeat !important;background-size: cover !important;}&#8221;][vc_column][g5plus_call_to_action button_title=&#8221;VER&#8221; button_style=&#8221;outline&#8221; button_color=&#8221;white&#8221; text_color=&#8221;#ffffff&#8221; button_link=&#8221;url:https%3A%2F%2Fzonafrancacolonia.com%2Fportugues%2Fwp-content%2Fuploads%2F2023%2F03%2FZFColonia_vd.mp4|rel:nofollow&#8221;]<\/p>\n<p style=\"color: #fff;\">TOUR VIRTUAL<\/p>\n<p>[\/g5plus_call_to_action][\/vc_column][\/vc_row]<\/p>\n","protected":false},"excerpt":{"rendered":"<p>[vc_row full_width=&#8221;stretch_row&#8221; overlay_mode=&#8221;color&#8221; overlay_color=&#8221;rgba(0,108,181,0.83)&#8221; css=&#8221;.vc_custom_1681450428636{padding-top: 120px !important;padding-bottom: 96px !important;background-image: url(https:\/\/zonafrancacolonia.com\/portugues\/wp-content\/uploads\/2023\/02\/img_servicios.jpg?id=6155) !important;background-position: center !important;background-repeat: no-repeat !important;background-size: cover !important;}&#8221;][vc_column][vc_column_text css=&#8221;.vc_custom_1681441522750{margin-top: 10px !important;}&#8221;] Nossos servi\u00e7os [\/vc_column_text][\/vc_column][vc_column][vc_row_inner][vc_column_inner width=&#8221;2\/3&#8243; offset=&#8221;vc_col-sm-offset-2&#8243;][vc_column_text css=&#8221;.vc_custom_1681441539684{margin-top: 25px !important;}&#8221;] Poder\u00e3o ser fornecidos todos os tipos de servi\u00e7os n\u00e3o limitados pelos regulamentos nacionais dentro da Zona Franca, bem como desta para pa\u00edses terceiros, com baixos custos de [&hellip;]<\/p>\n","protected":false},"author":1,"featured_media":0,"parent":0,"menu_order":0,"comment_status":"closed","ping_status":"closed","template":"","meta":{"footnotes":""},"class_list":["post-6154","page","type-page","status-publish","hentry"],"_links":{"self":[{"href":"https:\/\/zonafrancacolonia.com\/portugues\/wp-json\/wp\/v2\/pages\/6154","targetHints":{"allow":["GET"]}}],"collection":[{"href":"https:\/\/zonafrancacolonia.com\/portugues\/wp-json\/wp\/v2\/pages"}],"about":[{"href":"https:\/\/zonafrancacolonia.com\/portugues\/wp-json\/wp\/v2\/types\/page"}],"author":[{"embeddable":true,"href":"https:\/\/zonafrancacolonia.com\/portugues\/wp-json\/wp\/v2\/users\/1"}],"replies":[{"embeddable":true,"href":"https:\/\/zonafrancacolonia.com\/portugues\/wp-json\/wp\/v2\/comments?post=6154"}],"version-history":[{"count":37,"href":"https:\/\/zonafrancacolonia.com\/portugues\/wp-json\/wp\/v2\/pages\/6154\/revisions"}],"predecessor-version":[{"id":6697,"href":"https:\/\/zonafrancacolonia.com\/portugues\/wp-json\/wp\/v2\/pages\/6154\/revisions\/6697"}],"wp:attachment":[{"href":"https:\/\/zonafrancacolonia.com\/portugues\/wp-json\/wp\/v2\/media?parent=6154"}],"curies":[{"name":"wp","href":"https:\/\/api.w.org\/{rel}","templated":true}]}}